{"id":7,"date":"2018-11-12T19:07:44","date_gmt":"2018-11-12T18:07:44","guid":{"rendered":"http:\/\/www.sukjaimassage.dk\/?page_id=7"},"modified":"2022-08-08T19:20:14","modified_gmt":"2022-08-08T18:20:14","slug":"om-mig","status":"publish","type":"page","link":"http:\/\/kalasin-thai-massage.dk\/?page_id=7","title":{"rendered":"Om mig"},"content":{"rendered":"\t\t<div data-elementor-type=\"wp-post\" data-elementor-id=\"7\" class=\"elementor elementor-7 elementor-bc-flex-widget\">\n\t\t\t\t\t\t<section class=\"elementor-section elementor-top-section elementor-element elementor-element-9882a2a elementor-section-boxed elementor-section-height-default elementor-section-height-default\" data-id=\"9882a2a\" data-element_type=\"section\">\n\t\t\t\t\t\t<div class=\"elementor-container elementor-column-gap-default\">\n\t\t\t\t\t<div class=\"elementor-column elementor-col-50 elementor-top-column elementor-element elementor-element-b332c24\" data-id=\"b332c24\" data-element_type=\"column\">\n\t\t\t<div class=\"elementor-widget-wrap elementor-element-populated\">\n\t\t\t\t\t\t<div class=\"elementor-element elementor-element-2c2a3d9 elementor-widget elementor-widget-text-editor\" data-id=\"2c2a3d9\" data-element_type=\"widget\" data-widget_type=\"text-editor.default\">\n\t\t\t\t<div class=\"elementor-widget-container\">\n\t\t\t\t\t\t\t<p>Jeg er er f\u00f8dt i 1980 i en lille by i nord Thailand ved gr\u00e6nsen til Laos, hvor jeg voksede op sammen med mine 4 s\u00f8skende. Familien har aldtid haft jord som vi dyrkede. Tidligere var det mest ris, men senere hen begyndte vi ogs\u00e5 at have\u00a0 gummi tr\u00e6er og og dyrke kaffe.\u00a0<span style=\"font-size: 1rem;\">Det var i den forbindelse jeg opdagede hvor meget en god massage kan hj\u00e6lpe n\u00e5r man efter en lang arbejds dag har tr\u00e6tte og \u00f8mme muskler. Jeg begyndte derfor tidligt at interesse mig for massage. Jeg startede med at l\u00e6re massage af den lokale mass\u00f8r i min landsby i en tidlig alder, men fik f\u00f8rst et egentligt diplom i Thai massage kort inden jeg flyttede til Danmark i 2012.\u00a0<\/span><\/p><p><span style=\"font-size: 1rem;\">I Danmark har jeg i de f\u00f8rste \u00e5r lavet haft min massage virksomhed hjemme hos mig selv og hos mine kunder i deres hjem. Dette var noget jeg havde ved siden af mit normale arbejde. Over \u00e5rene har jeg f\u00e5et opbygget en gruppe faste kunder, s\u00e5 da jeg i efter\u00e5ret 2018 fik mulighed for at overtage denne forretning valgte jeg at springe ud i det og g\u00f8re det til mit fuldtidsarbejde.<\/span><\/p>\t\t\t\t\t\t<\/div>\n\t\t\t\t<\/div>\n\t\t\t\t\t<\/div>\n\t\t<\/div>\n\t\t\t\t<div class=\"elementor-column elementor-col-50 elementor-top-column elementor-element elementor-element-7eb7d71\" data-id=\"7eb7d71\" data-element_type=\"column\">\n\t\t\t<div class=\"elementor-widget-wrap elementor-element-populated\">\n\t\t\t\t\t\t<div class=\"elementor-element elementor-element-eda3b0b elementor-widget elementor-widget-image\" data-id=\"eda3b0b\" data-element_type=\"widget\" data-widget_type=\"image.default\">\n\t\t\t\t<div class=\"elementor-widget-container\">\n\t\t\t\t\t\t\t\t\t\t\t\t\t<img fetchpriority=\"high\" decoding=\"async\" width=\"225\" height=\"300\" src=\"http:\/\/kalasin-thai-massage.dk\/wp-content\/uploads\/2022\/08\/Forside-lille-225x300.jpg\" class=\"attachment-medium size-medium wp-image-255\" alt=\"\" srcset=\"http:\/\/kalasin-thai-massage.dk\/wp-content\/uploads\/2022\/08\/Forside-lille-225x300.jpg 225w, http:\/\/kalasin-thai-massage.dk\/wp-content\/uploads\/2022\/08\/Forside-lille.jpg 240w\" sizes=\"(max-width: 225px) 100vw, 225px\" \/>\t\t\t\t\t\t\t\t\t\t\t\t\t<\/div>\n\t\t\t\t<\/div>\n\t\t\t\t\t<\/div>\n\t\t<\/div>\n\t\t\t\t\t<\/div>\n\t\t<\/section>\n\t\t\t\t<\/div>\n\t\t","protected":false},"excerpt":{"rendered":"<p>Jeg er er f\u00f8dt i 1980 i en lille by i nord Thailand ved gr\u00e6nsen til Laos, hvor jeg voksede op sammen med mine 4 s\u00f8skende. Familien har aldtid haft jord som vi dyrkede. Tidligere var det mest ris, men senere hen begyndte vi ogs\u00e5 at have\u00a0 gummi tr\u00e6er og og dyrke kaffe.\u00a0Det var i&hellip;<\/p>\n<p><a class=\"more-link\" href=\"http:\/\/kalasin-thai-massage.dk\/?page_id=7\" title=\"Continue reading &lsquo;Om mig&rsquo;\">Continue reading <span class=\"meta-nav\">&rarr;<\/span><\/a><\/p>\n","protected":false},"author":1,"featured_media":0,"parent":0,"menu_order":30,"comment_status":"closed","ping_status":"closed","template":"","meta":{"footnotes":""},"_links":{"self":[{"href":"http:\/\/kalasin-thai-massage.dk\/index.php?rest_route=\/wp\/v2\/pages\/7"}],"collection":[{"href":"http:\/\/kalasin-thai-massage.dk\/index.php?rest_route=\/wp\/v2\/pages"}],"about":[{"href":"http:\/\/kalasin-thai-massage.dk\/index.php?rest_route=\/wp\/v2\/types\/page"}],"author":[{"embeddable":true,"href":"http:\/\/kalasin-thai-massage.dk\/index.php?rest_route=\/wp\/v2\/users\/1"}],"replies":[{"embeddable":true,"href":"http:\/\/kalasin-thai-massage.dk\/index.php?rest_route=%2Fwp%2Fv2%2Fcomments&post=7"}],"version-history":[{"count":7,"href":"http:\/\/kalasin-thai-massage.dk\/index.php?rest_route=\/wp\/v2\/pages\/7\/revisions"}],"predecessor-version":[{"id":257,"href":"http:\/\/kalasin-thai-massage.dk\/index.php?rest_route=\/wp\/v2\/pages\/7\/revisions\/257"}],"wp:attachment":[{"href":"http:\/\/kalasin-thai-massage.dk\/index.php?rest_route=%2Fwp%2Fv2%2Fmedia&parent=7"}],"curies":[{"name":"wp","href":"https:\/\/api.w.org\/{rel}","templated":true}]}}